{"id":978,"date":"2024-01-23T09:02:53","date_gmt":"2024-01-23T08:02:53","guid":{"rendered":"https:\/\/henderson.plasticodyssey.org\/mentions-legales\/"},"modified":"2024-03-20T16:01:02","modified_gmt":"2024-03-20T15:01:02","slug":"mentions-legales","status":"publish","type":"page","link":"https:\/\/henderson.plasticodyssey.org\/fr\/mentions-legales\/","title":{"rendered":"Mentions l\u00e9gales"},"content":{"rendered":"<div class=\"wpb-content-wrapper\"><p>[vc_row css_animation=\u00a0\u00bb\u00a0\u00bb row_type=\u00a0\u00bbrow\u00a0\u00bb use_row_as_full_screen_section=\u00a0\u00bbno\u00a0\u00bb type=\u00a0\u00bbgrid\u00a0\u00bb angled_section=\u00a0\u00bbno\u00a0\u00bb text_align=\u00a0\u00bbleft\u00a0\u00bb background_image_as_pattern=\u00a0\u00bbwithout_pattern\u00a0\u00bb el_class=\u00a0\u00bbpt22 pb8 sk_overlay\u00a0\u00bb z_index=\u00a0\u00bb\u00a0\u00bb background_image=\u00a0\u00bb1639&Prime;][vc_column width=\u00a0\u00bb5\/6&Prime; el_class=\u00a0\u00bbwhite\u00a0\u00bb][vc_column_text]<\/p>\n<h1>Mentions l\u00e9gales<\/h1>\n<p>Le site internet henderson.plasticodyssey.org est la propri\u00e9t\u00e9 de la SAS PLASTIC ODYSSEY EXPEDITION.[\/vc_column_text][\/vc_column][\/vc_row][vc_row css_animation=\u00a0\u00bb\u00a0\u00bb row_type=\u00a0\u00bbrow\u00a0\u00bb use_row_as_full_screen_section=\u00a0\u00bbno\u00a0\u00bb type=\u00a0\u00bbgrid\u00a0\u00bb angled_section=\u00a0\u00bbno\u00a0\u00bb text_align=\u00a0\u00bbleft\u00a0\u00bb background_image_as_pattern=\u00a0\u00bbwithout_pattern\u00a0\u00bb z_index=\u00a0\u00bb\u00a0\u00bb el_class=\u00a0\u00bbpt8 sk_legal pb6 sk_triangle_top_left\u00a0\u00bb][vc_column width=\u00a0\u00bb5\/6&Prime;][vc_column_text]<\/p>\n<h2>\u00c9diteur du site :<\/h2>\n<p>SAS PLASTIC ODYSSEY EXPEDITION<br \/>\nImmatricul\u00e9e au RCS le 25-01-2019<br \/>\nSIRET : 84762550600013<\/p>\n<p><strong>Si\u00e8ge social :<\/strong><br \/>\n83 LA CANEBIERE,<br \/>\n13001 MARSEILLE<\/p>\n<p><strong>Email :<\/strong> contact@plasticodyssey.org<br \/>\n<strong>Responsable de la r\u00e9daction :<\/strong> Alexandre Dechelotte<\/p>\n<h2>H\u00e9bergeur<\/h2>\n<p>L\u2019h\u00e9bergement du site est assur\u00e9 par la soci\u00e9t\u00e9 h\u00e9bergeur : OVH<br \/>\n2 rue Kellermann<br \/>\n59 100 Roubaix<br \/>\nWebsite : <a href=\"https:\/\/www.ovh.com\/fr\/\" target=\"_blank\" rel=\"noopener noreferrer\">www.ovh.com\/fr\/<\/a><\/p>\n<h2>Conception du site<\/h2>\n<p>Site internet cr\u00e9\u00e9 par <a href=\"https:\/\/studiokrack.fr\" target=\"_blank\" rel=\"noopener noreferrer\">studio krack<\/a> gr\u00e2ce \u00e0 <a href=\"https:\/\/fr.wordpress.com\/\" target=\"_blank\" rel=\"noopener noreferrer\">WordPress<\/a>.<\/p>\n<h2>Politique de confidentialit\u00e9<\/h2>\n<h3>Protection des donn\u00e9es personnelles<\/h3>\n<p>Conform\u00e9ment \u00e0 la loi \u201cInformatique et Libert\u00e9s\u201d du 6 janvier 1978, vous disposez d\u2019un droit d\u2019acc\u00e8s, de modification, de rectification et de suppression des donn\u00e9es qui vous concernent. Vous pouvez exercer ce droit en envoyant un message \u00e0 : contact@plasticodyssey.org.<\/p>\n<p>Les liens hypertextes pr\u00e9sents sur ce site Internet et aiguillants les utilisateurs vers d\u2019autres sites Internet n\u2019engagent pas la responsabilit\u00e9 de la r\u00e9daction de Plastic Odyssey quant au contenu de ces sites.<\/p>\n<p>Plastic Odyssey recueille sur son site henderson.plasticodyssey.org des donn\u00e9es personnelles d\u2019internautes ayant pris contact avec elle via le formulaire de contact ou le formulaire de recrutement Ces donn\u00e9es sont n\u00e9cessaires afin de r\u00e9pondre \u00e0 la sollicitation des internautes. Dans le cadre de la fourniture de ses services, Plastic Odyssey traite uniquement les donn\u00e9es personnelles suivantes strictement n\u00e9cessaires \u00e0 leur demande de prise de contact : nom, pr\u00e9nom, t\u00e9l\u00e9phone et adresse email.<\/p>\n<p>La finalit\u00e9 de traitement de ces donn\u00e9es personnelles est de permettre \u00e0 Plastic Odyssey de r\u00e9pondre aux sollicitations des internautes.<\/p>\n<h3>Newsletter<\/h3>\n<p>Plastic Odyssey propose aux internautes la possibilit\u00e9 de s\u2019inscrire \u00e0 leur newsletter. \u00c0 tout moment, l\u2019internaute peut demander la suppression de son adresse mail dans la liste de diffusion en envoyant un mail \u00e0 contact@plasticodyssey.org ou en cliquant sur le lien d\u00e9di\u00e9 dans les emails envoy\u00e9s par Plastic Odyssey. Les newsletters envoy\u00e9es par Plastic Odyssey ont pour but d\u2019informer les internautes des actualit\u00e9s du projet.<\/p>\n<h3><strong>Google Recaptcha<\/strong><\/h3>\n<p>Ce site internet est prot\u00e9g\u00e9 par le service reCAPTCHA de Google Pour en savoir plus, consultez les <a href=\"https:\/\/policies.google.com\/privacy\" target=\"_blank\" rel=\"noopener\">r\u00e8gles de confidentialit\u00e9<\/a> et les <a href=\"https:\/\/policies.google.com\/terms\" target=\"_blank\" rel=\"noopener\">Conditions d\u2019utilisation du service reCAPTCHA.<\/a><\/p>\n<h3>Cookies<\/h3>\n<p>Le site henderson.plasticodyssey.org peut-\u00eatre amen\u00e9 \u00e0 vous demander l\u2019acceptation des cookies pour des besoins de statistiques et d\u2019affichage. Un cookie est une information d\u00e9pos\u00e9e sur votre disque dur par le serveur du site que vous visitez. Il contient plusieurs donn\u00e9es qui sont stock\u00e9es sur votre ordinateur dans un simple fichier texte auquel un serveur acc\u00e8de pour lire et enregistrer des informations. Certaines parties de ce site ne peuvent \u00eatre fonctionnelles sans l\u2019acceptation de cookies.<\/p>\n<p>L\u2019utilisateur du Site a la possibilit\u00e9 de d\u00e9sactiver les cookies en se rendant dans les options de son navigateur comme indiqu\u00e9 ci-dessous :<\/p>\n<ul>\n<li><a href=\"https:\/\/support.google.com\/chrome\/answer\/95647?hl=fr\" target=\"_blank\" rel=\"noopener noreferrer\">Google Chrome<\/a><\/li>\n<li><a href=\"https:\/\/support.mozilla.org\/fr\/kb\/activer-desactiver-cookies-preferences?redirectlocale=fr&amp;redirectslug=activer-desactiver-cookies\" target=\"_blank\" rel=\"noopener noreferrer\">Modzilla Firefox<\/a><\/li>\n<li><a href=\"https:\/\/support.apple.com\/kb\/PH17191?viewlocale=fr_FR&amp;locale=en_US\" target=\"_blank\" rel=\"noopener noreferrer\">Safari<\/a><\/li>\n<li><a href=\"https:\/\/help.opera.com\/fr\/Windows\/10.20\/fr\/cookies.html\" target=\"_blank\" rel=\"noopener noreferrer\">Opera<\/a><\/li>\n<li><a href=\"https:\/\/support.microsoft.com\/fr-fr\/help\/17442\/windows-internet-explorer-delete-manage-cookies#ie=ie-11\" target=\"_blank\" rel=\"noopener noreferrer\">Internet Explorer<\/a><\/li>\n<li><a href=\"https:\/\/privacy.microsoft.com\/fr-fr\/windows-10-microsoft-edge-and-privacy\" target=\"_blank\" rel=\"noopener noreferrer\">Edge<\/a><\/li>\n<\/ul>\n<h2>Services fournis<\/h2>\n<p>Plastic Odyssey s\u2019efforce de fournir sur le site henderson.plasticodyssey.org des informations aussi pr\u00e9cises que possible. Les renseignements figurant sur le site henderson.plasticodyssey.org ne sont pas exhaustifs et les photos non contractuelles. Par ailleurs, tous les informations indiqu\u00e9es sur le site henderson.plasticodyssey.org sont donn\u00e9es \u00e0 titre indicatif, et sont susceptibles de changer ou d\u2019\u00e9voluer sans pr\u00e9avis.<\/p>\n<h2>Responsabilit\u00e9<\/h2>\n<p>Les \u00e9l\u00e9ments pr\u00e9sent\u00e9s sur le Site sont susceptibles de modification sans pr\u00e9avis et sont mis \u00e0 la disposition des internautes, sans aucune garantie d\u2019aucune sorte, expresse ou tacite.<\/p>\n<h2>Cr\u00e9dits<\/h2>\n<p><strong>Photos :<\/strong> Alexandre Dechelotte, studio krack, Valentin Proult, Pexels, Unsplash, Iain McGregor, Stuff Media NZ[\/vc_column_text]<a  itemprop=\"url\" href=\"https:\/\/henderson.plasticodyssey.org\/\" target=\"_self\"  class=\"qbutton  default cta_white_bg_2\" style=\"margin: 40px 0px 20px 0px; \">Retour \u00e0 l'accueil<span aria-hidden=\"true\" class=\"qode_icon_font_elegant arrow_right qode_button_icon_element\"><\/span><\/a>[\/vc_column][\/vc_row]<\/p>\n<\/div>","protected":false},"excerpt":{"rendered":"<p>[vc_row css_animation=\u00a0\u00bb\u00a0\u00bb row_type=\u00a0\u00bbrow\u00a0\u00bb use_row_as_full_screen_section=\u00a0\u00bbno\u00a0\u00bb type=\u00a0\u00bbgrid\u00a0\u00bb angled_section=\u00a0\u00bbno\u00a0\u00bb text_align=\u00a0\u00bbleft\u00a0\u00bb background_image_as_pattern=\u00a0\u00bbwithout_pattern\u00a0\u00bb el_class=\u00a0\u00bbpt22 pb8 sk_overlay\u00a0\u00bb z_index=\u00a0\u00bb\u00a0\u00bb background_image=\u00a0\u00bb1639&Prime;][vc_column width=\u00a0\u00bb5\/6&Prime; el_class=\u00a0\u00bbwhite\u00a0\u00bb][vc_column_text] Mentions l\u00e9gales Le site internet henderson.plasticodyssey.org est la propri\u00e9t\u00e9 de la SAS PLASTIC ODYSSEY EXPEDITION.[\/vc_column_text][\/vc_column][\/vc_row][vc_row css_animation=\u00a0\u00bb\u00a0\u00bb row_type=\u00a0\u00bbrow\u00a0\u00bb use_row_as_full_screen_section=\u00a0\u00bbno\u00a0\u00bb type=\u00a0\u00bbgrid\u00a0\u00bb angled_section=\u00a0\u00bbno\u00a0\u00bb text_align=\u00a0\u00bbleft\u00a0\u00bb background_image_as_pattern=\u00a0\u00bbwithout_pattern\u00a0\u00bb z_index=\u00a0\u00bb\u00a0\u00bb el_class=\u00a0\u00bbpt8 sk_legal pb6 sk_triangle_top_left\u00a0\u00bb][vc_column width=\u00a0\u00bb5\/6&Prime;][vc_column_text] \u00c9diteur du&#8230;<\/p>\n","protected":false},"author":2,"featured_media":1638,"parent":0,"menu_order":97,"comment_status":"closed","ping_status":"closed","template":"full_width.php","meta":{"footnotes":""},"class_list":["post-978","page","type-page","status-publish","has-post-thumbnail","hentry"],"yoast_head":"<!-- This site is optimized with the Yoast SEO plugin v25.5 - https:\/\/yoast.com\/wordpress\/plugins\/seo\/ -->\n<title>Mentions l\u00e9gales | Exp\u00e9dition 2024 Henderson Island<\/title>\n<meta name=\"robots\" content=\"index, follow, max-snippet:-1, max-image-preview:large, max-video-preview:-1\" \/>\n<link rel=\"canonical\" href=\"https:\/\/henderson.plasticodyssey.org\/fr\/mentions-legales\/\" \/>\n<meta property=\"og:locale\" content=\"fr_FR\" \/>\n<meta property=\"og:type\" content=\"article\" \/>\n<meta property=\"og:title\" content=\"Mentions l\u00e9gales | Exp\u00e9dition 2024 Henderson Island\" \/>\n<meta property=\"og:description\" content=\"[vc_row css_animation=\u00a0\u00bb\u00a0\u00bb row_type=\u00a0\u00bbrow\u00a0\u00bb use_row_as_full_screen_section=\u00a0\u00bbno\u00a0\u00bb type=\u00a0\u00bbgrid\u00a0\u00bb angled_section=\u00a0\u00bbno\u00a0\u00bb text_align=\u00a0\u00bbleft\u00a0\u00bb background_image_as_pattern=\u00a0\u00bbwithout_pattern\u00a0\u00bb el_class=\u00a0\u00bbpt22 pb8 sk_overlay\u00a0\u00bb z_index=\u00a0\u00bb\u00a0\u00bb background_image=\u00a0\u00bb1639&Prime;][vc_column width=\u00a0\u00bb5\/6&Prime; el_class=\u00a0\u00bbwhite\u00a0\u00bb][vc_column_text] Mentions l\u00e9gales Le site internet henderson.plasticodyssey.org est la propri\u00e9t\u00e9 de la SAS PLASTIC ODYSSEY EXPEDITION.[\/vc_column_text][\/vc_column][\/vc_row][vc_row css_animation=\u00a0\u00bb\u00a0\u00bb row_type=\u00a0\u00bbrow\u00a0\u00bb use_row_as_full_screen_section=\u00a0\u00bbno\u00a0\u00bb type=\u00a0\u00bbgrid\u00a0\u00bb angled_section=\u00a0\u00bbno\u00a0\u00bb text_align=\u00a0\u00bbleft\u00a0\u00bb background_image_as_pattern=\u00a0\u00bbwithout_pattern\u00a0\u00bb z_index=\u00a0\u00bb\u00a0\u00bb el_class=\u00a0\u00bbpt8 sk_legal pb6 sk_triangle_top_left\u00a0\u00bb][vc_column width=\u00a0\u00bb5\/6&Prime;][vc_column_text] \u00c9diteur du...\" \/>\n<meta property=\"og:url\" content=\"https:\/\/henderson.plasticodyssey.org\/fr\/mentions-legales\/\" \/>\n<meta property=\"og:site_name\" content=\"Exp\u00e9dition 2024 Henderson Island\" \/>\n<meta property=\"article:publisher\" content=\"https:\/\/www.facebook.com\/plasticodyssey\/\" \/>\n<meta property=\"article:modified_time\" content=\"2024-03-20T15:01:02+00:00\" \/>\n<meta property=\"og:image\" content=\"https:\/\/henderson.plasticodyssey.org\/wp-content\/uploads\/sites\/7\/2024\/01\/ile.jpg\" \/>\n\t<meta property=\"og:image:width\" content=\"1920\" \/>\n\t<meta property=\"og:image:height\" content=\"1080\" \/>\n\t<meta property=\"og:image:type\" content=\"image\/jpeg\" \/>\n<meta name=\"twitter:card\" content=\"summary_large_image\" \/>\n<meta name=\"twitter:site\" content=\"@plasticodyssey\" \/>\n<meta name=\"twitter:label1\" content=\"Dur\u00e9e de lecture estim\u00e9e\" \/>\n\t<meta name=\"twitter:data1\" content=\"4 minutes\" \/>\n<script type=\"application\/ld+json\" class=\"yoast-schema-graph\">{\"@context\":\"https:\/\/schema.org\",\"@graph\":[{\"@type\":\"WebPage\",\"@id\":\"https:\/\/henderson.plasticodyssey.org\/fr\/mentions-legales\/\",\"url\":\"https:\/\/henderson.plasticodyssey.org\/fr\/mentions-legales\/\",\"name\":\"Mentions l\u00e9gales | Exp\u00e9dition 2024 Henderson Island\",\"isPartOf\":{\"@id\":\"https:\/\/henderson.plasticodyssey.org\/#website\"},\"primaryImageOfPage\":{\"@id\":\"https:\/\/henderson.plasticodyssey.org\/fr\/mentions-legales\/#primaryimage\"},\"image\":{\"@id\":\"https:\/\/henderson.plasticodyssey.org\/fr\/mentions-legales\/#primaryimage\"},\"thumbnailUrl\":\"https:\/\/henderson.plasticodyssey.org\/wp-content\/uploads\/sites\/7\/2024\/01\/ile.jpg\",\"datePublished\":\"2024-01-23T08:02:53+00:00\",\"dateModified\":\"2024-03-20T15:01:02+00:00\",\"breadcrumb\":{\"@id\":\"https:\/\/henderson.plasticodyssey.org\/fr\/mentions-legales\/#breadcrumb\"},\"inLanguage\":\"fr-FR\",\"potentialAction\":[{\"@type\":\"ReadAction\",\"target\":[\"https:\/\/henderson.plasticodyssey.org\/fr\/mentions-legales\/\"]}]},{\"@type\":\"ImageObject\",\"inLanguage\":\"fr-FR\",\"@id\":\"https:\/\/henderson.plasticodyssey.org\/fr\/mentions-legales\/#primaryimage\",\"url\":\"https:\/\/henderson.plasticodyssey.org\/wp-content\/uploads\/sites\/7\/2024\/01\/ile.jpg\",\"contentUrl\":\"https:\/\/henderson.plasticodyssey.org\/wp-content\/uploads\/sites\/7\/2024\/01\/ile.jpg\",\"width\":1920,\"height\":1080},{\"@type\":\"BreadcrumbList\",\"@id\":\"https:\/\/henderson.plasticodyssey.org\/fr\/mentions-legales\/#breadcrumb\",\"itemListElement\":[{\"@type\":\"ListItem\",\"position\":1,\"name\":\"Accueil\",\"item\":\"https:\/\/henderson.plasticodyssey.org\/fr\/accueil\/\"},{\"@type\":\"ListItem\",\"position\":2,\"name\":\"Mentions l\u00e9gales\"}]},{\"@type\":\"WebSite\",\"@id\":\"https:\/\/henderson.plasticodyssey.org\/#website\",\"url\":\"https:\/\/henderson.plasticodyssey.org\/\",\"name\":\"2024 Henderson Island Expedition\",\"description\":\"\",\"publisher\":{\"@id\":\"https:\/\/henderson.plasticodyssey.org\/#organization\"},\"potentialAction\":[{\"@type\":\"SearchAction\",\"target\":{\"@type\":\"EntryPoint\",\"urlTemplate\":\"https:\/\/henderson.plasticodyssey.org\/?s={search_term_string}\"},\"query-input\":{\"@type\":\"PropertyValueSpecification\",\"valueRequired\":true,\"valueName\":\"search_term_string\"}}],\"inLanguage\":\"fr-FR\"},{\"@type\":\"Organization\",\"@id\":\"https:\/\/henderson.plasticodyssey.org\/#organization\",\"name\":\"Plastic Odyssey\",\"url\":\"https:\/\/henderson.plasticodyssey.org\/\",\"logo\":{\"@type\":\"ImageObject\",\"inLanguage\":\"fr-FR\",\"@id\":\"https:\/\/henderson.plasticodyssey.org\/#\/schema\/logo\/image\/\",\"url\":\"\",\"contentUrl\":\"\",\"caption\":\"Plastic Odyssey\"},\"image\":{\"@id\":\"https:\/\/henderson.plasticodyssey.org\/#\/schema\/logo\/image\/\"},\"sameAs\":[\"https:\/\/www.facebook.com\/plasticodyssey\/\",\"https:\/\/x.com\/plasticodyssey\",\"https:\/\/www.instagram.com\/plasticodyssey\/\",\"https:\/\/www.linkedin.com\/company\/plastic-odyssey\/\",\"https:\/\/www.youtube.com\/channel\/UC4UNxaIW9ODIuLGJaTrhnow\"]}]}<\/script>\n<!-- \/ Yoast SEO plugin. -->","yoast_head_json":{"title":"Mentions l\u00e9gales | Exp\u00e9dition 2024 Henderson Island","robots":{"index":"index","follow":"follow","max-snippet":"max-snippet:-1","max-image-preview":"max-image-preview:large","max-video-preview":"max-video-preview:-1"},"canonical":"https:\/\/henderson.plasticodyssey.org\/fr\/mentions-legales\/","og_locale":"fr_FR","og_type":"article","og_title":"Mentions l\u00e9gales | Exp\u00e9dition 2024 Henderson Island","og_description":"[vc_row css_animation=\u00a0\u00bb\u00a0\u00bb row_type=\u00a0\u00bbrow\u00a0\u00bb use_row_as_full_screen_section=\u00a0\u00bbno\u00a0\u00bb type=\u00a0\u00bbgrid\u00a0\u00bb angled_section=\u00a0\u00bbno\u00a0\u00bb text_align=\u00a0\u00bbleft\u00a0\u00bb background_image_as_pattern=\u00a0\u00bbwithout_pattern\u00a0\u00bb el_class=\u00a0\u00bbpt22 pb8 sk_overlay\u00a0\u00bb z_index=\u00a0\u00bb\u00a0\u00bb background_image=\u00a0\u00bb1639&Prime;][vc_column width=\u00a0\u00bb5\/6&Prime; el_class=\u00a0\u00bbwhite\u00a0\u00bb][vc_column_text] Mentions l\u00e9gales Le site internet henderson.plasticodyssey.org est la propri\u00e9t\u00e9 de la SAS PLASTIC ODYSSEY EXPEDITION.[\/vc_column_text][\/vc_column][\/vc_row][vc_row css_animation=\u00a0\u00bb\u00a0\u00bb row_type=\u00a0\u00bbrow\u00a0\u00bb use_row_as_full_screen_section=\u00a0\u00bbno\u00a0\u00bb type=\u00a0\u00bbgrid\u00a0\u00bb angled_section=\u00a0\u00bbno\u00a0\u00bb text_align=\u00a0\u00bbleft\u00a0\u00bb background_image_as_pattern=\u00a0\u00bbwithout_pattern\u00a0\u00bb z_index=\u00a0\u00bb\u00a0\u00bb el_class=\u00a0\u00bbpt8 sk_legal pb6 sk_triangle_top_left\u00a0\u00bb][vc_column width=\u00a0\u00bb5\/6&Prime;][vc_column_text] \u00c9diteur du...","og_url":"https:\/\/henderson.plasticodyssey.org\/fr\/mentions-legales\/","og_site_name":"Exp\u00e9dition 2024 Henderson Island","article_publisher":"https:\/\/www.facebook.com\/plasticodyssey\/","article_modified_time":"2024-03-20T15:01:02+00:00","og_image":[{"width":1920,"height":1080,"url":"https:\/\/henderson.plasticodyssey.org\/wp-content\/uploads\/sites\/7\/2024\/01\/ile.jpg","type":"image\/jpeg"}],"twitter_card":"summary_large_image","twitter_site":"@plasticodyssey","twitter_misc":{"Dur\u00e9e de lecture estim\u00e9e":"4 minutes"},"schema":{"@context":"https:\/\/schema.org","@graph":[{"@type":"WebPage","@id":"https:\/\/henderson.plasticodyssey.org\/fr\/mentions-legales\/","url":"https:\/\/henderson.plasticodyssey.org\/fr\/mentions-legales\/","name":"Mentions l\u00e9gales | Exp\u00e9dition 2024 Henderson Island","isPartOf":{"@id":"https:\/\/henderson.plasticodyssey.org\/#website"},"primaryImageOfPage":{"@id":"https:\/\/henderson.plasticodyssey.org\/fr\/mentions-legales\/#primaryimage"},"image":{"@id":"https:\/\/henderson.plasticodyssey.org\/fr\/mentions-legales\/#primaryimage"},"thumbnailUrl":"https:\/\/henderson.plasticodyssey.org\/wp-content\/uploads\/sites\/7\/2024\/01\/ile.jpg","datePublished":"2024-01-23T08:02:53+00:00","dateModified":"2024-03-20T15:01:02+00:00","breadcrumb":{"@id":"https:\/\/henderson.plasticodyssey.org\/fr\/mentions-legales\/#breadcrumb"},"inLanguage":"fr-FR","potentialAction":[{"@type":"ReadAction","target":["https:\/\/henderson.plasticodyssey.org\/fr\/mentions-legales\/"]}]},{"@type":"ImageObject","inLanguage":"fr-FR","@id":"https:\/\/henderson.plasticodyssey.org\/fr\/mentions-legales\/#primaryimage","url":"https:\/\/henderson.plasticodyssey.org\/wp-content\/uploads\/sites\/7\/2024\/01\/ile.jpg","contentUrl":"https:\/\/henderson.plasticodyssey.org\/wp-content\/uploads\/sites\/7\/2024\/01\/ile.jpg","width":1920,"height":1080},{"@type":"BreadcrumbList","@id":"https:\/\/henderson.plasticodyssey.org\/fr\/mentions-legales\/#breadcrumb","itemListElement":[{"@type":"ListItem","position":1,"name":"Accueil","item":"https:\/\/henderson.plasticodyssey.org\/fr\/accueil\/"},{"@type":"ListItem","position":2,"name":"Mentions l\u00e9gales"}]},{"@type":"WebSite","@id":"https:\/\/henderson.plasticodyssey.org\/#website","url":"https:\/\/henderson.plasticodyssey.org\/","name":"2024 Henderson Island Expedition","description":"","publisher":{"@id":"https:\/\/henderson.plasticodyssey.org\/#organization"},"potentialAction":[{"@type":"SearchAction","target":{"@type":"EntryPoint","urlTemplate":"https:\/\/henderson.plasticodyssey.org\/?s={search_term_string}"},"query-input":{"@type":"PropertyValueSpecification","valueRequired":true,"valueName":"search_term_string"}}],"inLanguage":"fr-FR"},{"@type":"Organization","@id":"https:\/\/henderson.plasticodyssey.org\/#organization","name":"Plastic Odyssey","url":"https:\/\/henderson.plasticodyssey.org\/","logo":{"@type":"ImageObject","inLanguage":"fr-FR","@id":"https:\/\/henderson.plasticodyssey.org\/#\/schema\/logo\/image\/","url":"","contentUrl":"","caption":"Plastic Odyssey"},"image":{"@id":"https:\/\/henderson.plasticodyssey.org\/#\/schema\/logo\/image\/"},"sameAs":["https:\/\/www.facebook.com\/plasticodyssey\/","https:\/\/x.com\/plasticodyssey","https:\/\/www.instagram.com\/plasticodyssey\/","https:\/\/www.linkedin.com\/company\/plastic-odyssey\/","https:\/\/www.youtube.com\/channel\/UC4UNxaIW9ODIuLGJaTrhnow"]}]}},"_links":{"self":[{"href":"https:\/\/henderson.plasticodyssey.org\/fr\/wp-json\/wp\/v2\/pages\/978","targetHints":{"allow":["GET"]}}],"collection":[{"href":"https:\/\/henderson.plasticodyssey.org\/fr\/wp-json\/wp\/v2\/pages"}],"about":[{"href":"https:\/\/henderson.plasticodyssey.org\/fr\/wp-json\/wp\/v2\/types\/page"}],"author":[{"embeddable":true,"href":"https:\/\/henderson.plasticodyssey.org\/fr\/wp-json\/wp\/v2\/users\/2"}],"replies":[{"embeddable":true,"href":"https:\/\/henderson.plasticodyssey.org\/fr\/wp-json\/wp\/v2\/comments?post=978"}],"version-history":[{"count":13,"href":"https:\/\/henderson.plasticodyssey.org\/fr\/wp-json\/wp\/v2\/pages\/978\/revisions"}],"predecessor-version":[{"id":4734,"href":"https:\/\/henderson.plasticodyssey.org\/fr\/wp-json\/wp\/v2\/pages\/978\/revisions\/4734"}],"wp:featuredmedia":[{"embeddable":true,"href":"https:\/\/henderson.plasticodyssey.org\/fr\/wp-json\/wp\/v2\/media\/1638"}],"wp:attachment":[{"href":"https:\/\/henderson.plasticodyssey.org\/fr\/wp-json\/wp\/v2\/media?parent=978"}],"curies":[{"name":"wp","href":"https:\/\/api.w.org\/{rel}","templated":true}]}}