{"id":971,"date":"2024-01-11T07:19:50","date_gmt":"2024-01-11T06:19:50","guid":{"rendered":"https:\/\/henderson.plasticodyssey.org\/nos-partenaires\/"},"modified":"2024-02-20T09:26:13","modified_gmt":"2024-02-20T08:26:13","slug":"partenaires","status":"publish","type":"page","link":"https:\/\/henderson.plasticodyssey.org\/fr\/partenaires\/","title":{"rendered":"Partenaires"},"content":{"rendered":"<div class=\"wpb-content-wrapper\"><p>[vc_row css_animation=\u00a0\u00bb\u00a0\u00bb row_type=\u00a0\u00bbrow\u00a0\u00bb use_row_as_full_screen_section=\u00a0\u00bbno\u00a0\u00bb type=\u00a0\u00bbgrid\u00a0\u00bb angled_section=\u00a0\u00bbno\u00a0\u00bb text_align=\u00a0\u00bbleft\u00a0\u00bb background_image_as_pattern=\u00a0\u00bbwithout_pattern\u00a0\u00bb el_class=\u00a0\u00bbpt22 pb8 sk_overlay\u00a0\u00bb z_index=\u00a0\u00bb\u00a0\u00bb background_image=\u00a0\u00bb512&Prime;][vc_column width=\u00a0\u00bb2\/3&Prime; el_class=\u00a0\u00bbwhite sk_tablet_width\u00a0\u00bb][vc_column_text]<\/p>\n<h1>Partenaires<\/h1>\n<p>L&rsquo;exp\u00e9dition 2024 sur l&rsquo;\u00eele Henderson est rendue possible gr\u00e2ce au <strong>soutien de partenaires et de fournisseurs officiels<\/strong> qui partagent nos valeurs et encouragent nos efforts pour nettoyer cette \u00eele inhabit\u00e9e du Pacifique Sud et fournir des solutions de recyclage des d\u00e9chets plastiques aux Pitcairners.[\/vc_column_text][\/vc_column][\/vc_row][vc_row css_animation=\u00a0\u00bb\u00a0\u00bb row_type=\u00a0\u00bbrow\u00a0\u00bb use_row_as_full_screen_section=\u00a0\u00bbno\u00a0\u00bb type=\u00a0\u00bbgrid\u00a0\u00bb angled_section=\u00a0\u00bbno\u00a0\u00bb text_align=\u00a0\u00bbleft\u00a0\u00bb background_image_as_pattern=\u00a0\u00bbwithout_pattern\u00a0\u00bb z_index=\u00a0\u00bb\u00a0\u00bb el_class=\u00a0\u00bbpt10 pb6 sk_partners_expedition sk_triangle_top_left\u00a0\u00bb][vc_column width=\u00a0\u00bb5\/6&Prime; el_class=\u00a0\u00bbalign_center sk_tablet_width\u00a0\u00bb offset=\u00a0\u00bbvc_col-lg-offset-1 vc_col-md-offset-1&Prime;][vc_column_text el_class=\u00a0\u00bbpb6&Prime;]<\/p>\n<h2>Fournisseurs officiels<\/h2>\n<h3 class=\"pb1 pt1\"><span class=\"sk_highlight\">Ils soutiennent<\/span> l&rsquo;exp\u00e9dition<\/h3>\n<p>[\/vc_column_text][qode_clients columns=\u00a0\u00bbthree_columns\u00a0\u00bb hover_effect=\u00a0\u00bbdefault\u00a0\u00bb disable_separators=\u00a0\u00bbyes\u00a0\u00bb][qode_client link_target=\u00a0\u00bb_blank\u00a0\u00bb image=\u00a0\u00bb275&Prime; link=\u00a0\u00bbhttps:\/\/www.mindus.co\/\u00a0\u00bb][qode_client link_target=\u00a0\u00bb_blank\u00a0\u00bb image=\u00a0\u00bb1037&Prime; link=\u00a0\u00bbhttps:\/\/zodiacmilpro.com\/\u00a0\u00bb][qode_client link_target=\u00a0\u00bb_blank\u00a0\u00bb image=\u00a0\u00bb235&Prime; link=\u00a0\u00bbhttps:\/\/www.mx3.fr\/fr\/\u00a0\u00bb][qode_client link_target=\u00a0\u00bb_blank\u00a0\u00bb image=\u00a0\u00bb237&Prime; link=\u00a0\u00bbhttps:\/\/us.blueice.com\/\u00a0\u00bb][qode_client link_target=\u00a0\u00bb_blank\u00a0\u00bb image=\u00a0\u00bb243&Prime; link=\u00a0\u00bbhttps:\/\/us.airtahitinui.com\/\u00a0\u00bb][qode_client link_target=\u00a0\u00bb_blank\u00a0\u00bb image=\u00a0\u00bb247&Prime; link=\u00a0\u00bbhttps:\/\/www.lafuma.com\/en\/\u00a0\u00bb][qode_client link_target=\u00a0\u00bb_blank\u00a0\u00bb image=\u00a0\u00bb245&Prime; link=\u00a0\u00bbhttps:\/\/www.manutan.com\/en\/homepage\u00a0\u00bb][qode_client link_target=\u00a0\u00bb_blank\u00a0\u00bb image=\u00a0\u00bb249&Prime; link=\u00a0\u00bbhttps:\/\/www.airtahiti.com\/en\/\u00a0\u00bb][qode_client link_target=\u00a0\u00bb_blank\u00a0\u00bb image=\u00a0\u00bb241&Prime; link=\u00a0\u00bbhttps:\/\/www.guycotten.com\/en\u00a0\u00bb][qode_client link_target=\u00a0\u00bb_blank\u00a0\u00bb image=\u00a0\u00bb2118&Prime; link=\u00a0\u00bbhttps:\/\/www.marlowropes.com\/\u00a0\u00bb][qode_client link_target=\u00a0\u00bb_blank\u00a0\u00bb image=\u00a0\u00bb2814&Prime; link=\u00a0\u00bbhttps:\/\/www.aranui.com\/\u00a0\u00bb][\/qode_clients][\/vc_column][\/vc_row][vc_row css_animation=\u00a0\u00bb\u00a0\u00bb row_type=\u00a0\u00bbrow\u00a0\u00bb use_row_as_full_screen_section=\u00a0\u00bbno\u00a0\u00bb type=\u00a0\u00bbgrid\u00a0\u00bb angled_section=\u00a0\u00bbno\u00a0\u00bb text_align=\u00a0\u00bbleft\u00a0\u00bb background_image_as_pattern=\u00a0\u00bbwithout_pattern\u00a0\u00bb el_class=\u00a0\u00bbpt10 pb12 sk_download_app sk_nodisplay\u00a0\u00bb z_index=\u00a0\u00bb\u00a0\u00bb background_color=\u00a0\u00bb#eaebed\u00a0\u00bb][vc_column][qode_elements_holder number_of_columns=\u00a0\u00bbtwo_columns\u00a0\u00bb][qode_elements_holder_item advanced_animations=\u00a0\u00bbno\u00a0\u00bb item_padding=\u00a0\u00bb0 120px 0 0&Prime; custom_class=\u00a0\u00bbsk_screen_app\u00a0\u00bb item_padding_480_600=\u00a0\u00bb0 0 0 0&Prime; item_padding_480=\u00a0\u00bb0 0 0 0&Prime; item_padding_768_1024=\u00a0\u00bb0 60px\u00a0\u00bb item_padding_600_768=\u00a0\u00bb0 60px\u00a0\u00bb][vc_single_image image=\u00a0\u00bb64&Prime; img_size=\u00a0\u00bbfull\u00a0\u00bb alignment=\u00a0\u00bbcenter\u00a0\u00bb qode_css_animation=\u00a0\u00bb\u00a0\u00bb][\/qode_elements_holder_item][qode_elements_holder_item advanced_animations=\u00a0\u00bbno\u00a0\u00bb item_padding_480_600=\u00a0\u00bb0 0 0 0&Prime; item_padding_480=\u00a0\u00bb0 0 0 0&Prime;][vc_column_text]<\/p>\n<h2>Une application aux valeurs partag\u00e9es<\/h2>\n<h3 class=\"pt1 pb1\">Mindus &#8211; House of <span class=\"sk_highlight\">Green Digital<\/span><\/h3>\n<p>La technologie verte de Mindus a \u00e9t\u00e9 choisie pour cette exp\u00e9dition en raison de l&rsquo;alignement de sa mission sur la lutte contre la pollution et les d\u00e9chets.<\/p>\n<p>Mindus vie \u00e0 r\u00e9duire la pollution num\u00e9rique g\u00e9n\u00e9r\u00e9e par l&rsquo;utilisation quotidienne de nos applications, tout en cr\u00e9ant un acc\u00e8s au contenu num\u00e9rique pour l&rsquo;inclusion sociale.<\/p>\n<p>Cette application Expedition vous offre une exp\u00e9rience rapide et performante qui n&rsquo;occupera que 42Mo de m\u00e9moire, \u00e9mettra 80% de CO2 en moins, utilisera moins de batterie et n\u00e9cessitera moins de bande passante.<\/p>\n<p>Changer le num\u00e9rique de l&rsquo;int\u00e9rieur. Chaque clic compte. Le v\u00f4tre aussi.[\/vc_column_text][\/qode_elements_holder_item][\/qode_elements_holder][\/vc_column][\/vc_row][vc_row css_animation=\u00a0\u00bb\u00a0\u00bb row_type=\u00a0\u00bbrow\u00a0\u00bb use_row_as_full_screen_section=\u00a0\u00bbno\u00a0\u00bb type=\u00a0\u00bbfull_width\u00a0\u00bb angled_section=\u00a0\u00bbno\u00a0\u00bb text_align=\u00a0\u00bbleft\u00a0\u00bb background_image_as_pattern=\u00a0\u00bbwithout_pattern\u00a0\u00bb z_index=\u00a0\u00bb\u00a0\u00bb el_class=\u00a0\u00bbpt6 pb6&Prime; background_color=\u00a0\u00bb#05387b\u00a0\u00bb side_padding=\u00a0\u00bb10&Prime;][vc_column el_class=\u00a0\u00bbalign_center\u00a0\u00bb][vc_column_text el_class=\u00a0\u00bbwhite pb1&Prime;]<\/p>\n<h3>Partenaires de Plastic Odyssey<\/h3>\n<p>[\/vc_column_text][vc_separator type=\u00a0\u00bbnormal\u00a0\u00bb color=\u00a0\u00bbrgba(255,255,255,0.2)\u00a0\u00bb down=\u00a0\u00bb20&Prime; up=\u00a0\u00bb20&Prime;][vc_single_image image=\u00a0\u00bb1566&Prime; img_size=\u00a0\u00bbfull\u00a0\u00bb qode_css_animation=\u00a0\u00bb\u00a0\u00bb]<a  itemprop=\"url\" href=\"https:\/\/plasticodyssey.org\/en\/partners\/\" target=\"_blank\"  class=\"qbutton  default sk_cta_border\" style=\"\">Tous les partneraires<\/a>[\/vc_column][\/vc_row]<\/p>\n<\/div>","protected":false},"excerpt":{"rendered":"<p>[vc_row css_animation=\u00a0\u00bb\u00a0\u00bb row_type=\u00a0\u00bbrow\u00a0\u00bb use_row_as_full_screen_section=\u00a0\u00bbno\u00a0\u00bb type=\u00a0\u00bbgrid\u00a0\u00bb angled_section=\u00a0\u00bbno\u00a0\u00bb text_align=\u00a0\u00bbleft\u00a0\u00bb background_image_as_pattern=\u00a0\u00bbwithout_pattern\u00a0\u00bb el_class=\u00a0\u00bbpt22 pb8 sk_overlay\u00a0\u00bb z_index=\u00a0\u00bb\u00a0\u00bb background_image=\u00a0\u00bb512&Prime;][vc_column width=\u00a0\u00bb2\/3&Prime; el_class=\u00a0\u00bbwhite sk_tablet_width\u00a0\u00bb][vc_column_text] Partenaires L&rsquo;exp\u00e9dition 2024 sur l&rsquo;\u00eele Henderson est rendue possible gr\u00e2ce au soutien de partenaires et de fournisseurs officiels qui partagent nos valeurs et encouragent nos efforts pour nettoyer cette&#8230;<\/p>\n","protected":false},"author":2,"featured_media":513,"parent":0,"menu_order":4,"comment_status":"closed","ping_status":"closed","template":"full_width.php","meta":{"footnotes":""},"class_list":["post-971","page","type-page","status-publish","has-post-thumbnail","hentry"],"yoast_head":"<!-- This site is optimized with the Yoast SEO plugin v25.5 - https:\/\/yoast.com\/wordpress\/plugins\/seo\/ -->\n<title>Partenaires de l&#039;exp\u00e9dition | Exp\u00e9dition 2024 Henderson Island<\/title>\n<meta name=\"description\" content=\"L&#039;exp\u00e9dition 2024 sur l&#039;\u00eele Henderson est rendue possible gr\u00e2ce au soutien de partenaires et de fournisseurs officiels qui partagent nos valeurs et encouragent nos efforts pour nettoyer cette \u00eele inhabit\u00e9e du Pacifique Sud et fournir des solutions de recyclage des d\u00e9chets plastiques aux Pitcairners.\" \/>\n<meta name=\"robots\" content=\"index, follow, max-snippet:-1, max-image-preview:large, max-video-preview:-1\" \/>\n<link rel=\"canonical\" href=\"https:\/\/henderson.plasticodyssey.org\/fr\/partenaires\/\" \/>\n<meta property=\"og:locale\" content=\"fr_FR\" \/>\n<meta property=\"og:type\" content=\"article\" \/>\n<meta property=\"og:title\" content=\"Partenaires de l&#039;exp\u00e9dition | Exp\u00e9dition 2024 Henderson Island\" \/>\n<meta property=\"og:description\" content=\"L&#039;exp\u00e9dition 2024 sur l&#039;\u00eele Henderson est rendue possible gr\u00e2ce au soutien de partenaires et de fournisseurs officiels qui partagent nos valeurs et encouragent nos efforts pour nettoyer cette \u00eele inhabit\u00e9e du Pacifique Sud et fournir des solutions de recyclage des d\u00e9chets plastiques aux Pitcairners.\" \/>\n<meta property=\"og:url\" content=\"https:\/\/henderson.plasticodyssey.org\/fr\/partenaires\/\" \/>\n<meta property=\"og:site_name\" content=\"Exp\u00e9dition 2024 Henderson Island\" \/>\n<meta property=\"article:publisher\" content=\"https:\/\/www.facebook.com\/plasticodyssey\/\" \/>\n<meta property=\"article:modified_time\" content=\"2024-02-20T08:26:13+00:00\" \/>\n<meta property=\"og:image\" content=\"https:\/\/henderson.plasticodyssey.org\/wp-content\/uploads\/sites\/7\/2024\/01\/small-boat.jpg\" \/>\n\t<meta property=\"og:image:width\" content=\"1920\" \/>\n\t<meta property=\"og:image:height\" content=\"1080\" \/>\n\t<meta property=\"og:image:type\" content=\"image\/jpeg\" \/>\n<meta name=\"twitter:card\" content=\"summary_large_image\" \/>\n<meta name=\"twitter:site\" content=\"@plasticodyssey\" \/>\n<meta name=\"twitter:label1\" content=\"Dur\u00e9e de lecture estim\u00e9e\" \/>\n\t<meta name=\"twitter:data1\" content=\"3 minutes\" \/>\n<script type=\"application\/ld+json\" class=\"yoast-schema-graph\">{\"@context\":\"https:\/\/schema.org\",\"@graph\":[{\"@type\":\"WebPage\",\"@id\":\"https:\/\/henderson.plasticodyssey.org\/fr\/partenaires\/\",\"url\":\"https:\/\/henderson.plasticodyssey.org\/fr\/partenaires\/\",\"name\":\"Partenaires de l'exp\u00e9dition | Exp\u00e9dition 2024 Henderson Island\",\"isPartOf\":{\"@id\":\"https:\/\/henderson.plasticodyssey.org\/#website\"},\"primaryImageOfPage\":{\"@id\":\"https:\/\/henderson.plasticodyssey.org\/fr\/partenaires\/#primaryimage\"},\"image\":{\"@id\":\"https:\/\/henderson.plasticodyssey.org\/fr\/partenaires\/#primaryimage\"},\"thumbnailUrl\":\"https:\/\/henderson.plasticodyssey.org\/wp-content\/uploads\/sites\/7\/2024\/01\/small-boat.jpg\",\"datePublished\":\"2024-01-11T06:19:50+00:00\",\"dateModified\":\"2024-02-20T08:26:13+00:00\",\"description\":\"L'exp\u00e9dition 2024 sur l'\u00eele Henderson est rendue possible gr\u00e2ce au soutien de partenaires et de fournisseurs officiels qui partagent nos valeurs et encouragent nos efforts pour nettoyer cette \u00eele inhabit\u00e9e du Pacifique Sud et fournir des solutions de recyclage des d\u00e9chets plastiques aux Pitcairners.\",\"breadcrumb\":{\"@id\":\"https:\/\/henderson.plasticodyssey.org\/fr\/partenaires\/#breadcrumb\"},\"inLanguage\":\"fr-FR\",\"potentialAction\":[{\"@type\":\"ReadAction\",\"target\":[\"https:\/\/henderson.plasticodyssey.org\/fr\/partenaires\/\"]}]},{\"@type\":\"ImageObject\",\"inLanguage\":\"fr-FR\",\"@id\":\"https:\/\/henderson.plasticodyssey.org\/fr\/partenaires\/#primaryimage\",\"url\":\"https:\/\/henderson.plasticodyssey.org\/wp-content\/uploads\/sites\/7\/2024\/01\/small-boat.jpg\",\"contentUrl\":\"https:\/\/henderson.plasticodyssey.org\/wp-content\/uploads\/sites\/7\/2024\/01\/small-boat.jpg\",\"width\":1920,\"height\":1080},{\"@type\":\"BreadcrumbList\",\"@id\":\"https:\/\/henderson.plasticodyssey.org\/fr\/partenaires\/#breadcrumb\",\"itemListElement\":[{\"@type\":\"ListItem\",\"position\":1,\"name\":\"Accueil\",\"item\":\"https:\/\/henderson.plasticodyssey.org\/fr\/accueil\/\"},{\"@type\":\"ListItem\",\"position\":2,\"name\":\"Partenaires\"}]},{\"@type\":\"WebSite\",\"@id\":\"https:\/\/henderson.plasticodyssey.org\/#website\",\"url\":\"https:\/\/henderson.plasticodyssey.org\/\",\"name\":\"2024 Henderson Island Expedition\",\"description\":\"\",\"publisher\":{\"@id\":\"https:\/\/henderson.plasticodyssey.org\/#organization\"},\"potentialAction\":[{\"@type\":\"SearchAction\",\"target\":{\"@type\":\"EntryPoint\",\"urlTemplate\":\"https:\/\/henderson.plasticodyssey.org\/?s={search_term_string}\"},\"query-input\":{\"@type\":\"PropertyValueSpecification\",\"valueRequired\":true,\"valueName\":\"search_term_string\"}}],\"inLanguage\":\"fr-FR\"},{\"@type\":\"Organization\",\"@id\":\"https:\/\/henderson.plasticodyssey.org\/#organization\",\"name\":\"Plastic Odyssey\",\"url\":\"https:\/\/henderson.plasticodyssey.org\/\",\"logo\":{\"@type\":\"ImageObject\",\"inLanguage\":\"fr-FR\",\"@id\":\"https:\/\/henderson.plasticodyssey.org\/#\/schema\/logo\/image\/\",\"url\":\"\",\"contentUrl\":\"\",\"caption\":\"Plastic Odyssey\"},\"image\":{\"@id\":\"https:\/\/henderson.plasticodyssey.org\/#\/schema\/logo\/image\/\"},\"sameAs\":[\"https:\/\/www.facebook.com\/plasticodyssey\/\",\"https:\/\/x.com\/plasticodyssey\",\"https:\/\/www.instagram.com\/plasticodyssey\/\",\"https:\/\/www.linkedin.com\/company\/plastic-odyssey\/\",\"https:\/\/www.youtube.com\/channel\/UC4UNxaIW9ODIuLGJaTrhnow\"]}]}<\/script>\n<!-- \/ Yoast SEO plugin. -->","yoast_head_json":{"title":"Partenaires de l'exp\u00e9dition | Exp\u00e9dition 2024 Henderson Island","description":"L'exp\u00e9dition 2024 sur l'\u00eele Henderson est rendue possible gr\u00e2ce au soutien de partenaires et de fournisseurs officiels qui partagent nos valeurs et encouragent nos efforts pour nettoyer cette \u00eele inhabit\u00e9e du Pacifique Sud et fournir des solutions de recyclage des d\u00e9chets plastiques aux Pitcairners.","robots":{"index":"index","follow":"follow","max-snippet":"max-snippet:-1","max-image-preview":"max-image-preview:large","max-video-preview":"max-video-preview:-1"},"canonical":"https:\/\/henderson.plasticodyssey.org\/fr\/partenaires\/","og_locale":"fr_FR","og_type":"article","og_title":"Partenaires de l'exp\u00e9dition | Exp\u00e9dition 2024 Henderson Island","og_description":"L'exp\u00e9dition 2024 sur l'\u00eele Henderson est rendue possible gr\u00e2ce au soutien de partenaires et de fournisseurs officiels qui partagent nos valeurs et encouragent nos efforts pour nettoyer cette \u00eele inhabit\u00e9e du Pacifique Sud et fournir des solutions de recyclage des d\u00e9chets plastiques aux Pitcairners.","og_url":"https:\/\/henderson.plasticodyssey.org\/fr\/partenaires\/","og_site_name":"Exp\u00e9dition 2024 Henderson Island","article_publisher":"https:\/\/www.facebook.com\/plasticodyssey\/","article_modified_time":"2024-02-20T08:26:13+00:00","og_image":[{"width":1920,"height":1080,"url":"https:\/\/henderson.plasticodyssey.org\/wp-content\/uploads\/sites\/7\/2024\/01\/small-boat.jpg","type":"image\/jpeg"}],"twitter_card":"summary_large_image","twitter_site":"@plasticodyssey","twitter_misc":{"Dur\u00e9e de lecture estim\u00e9e":"3 minutes"},"schema":{"@context":"https:\/\/schema.org","@graph":[{"@type":"WebPage","@id":"https:\/\/henderson.plasticodyssey.org\/fr\/partenaires\/","url":"https:\/\/henderson.plasticodyssey.org\/fr\/partenaires\/","name":"Partenaires de l'exp\u00e9dition | Exp\u00e9dition 2024 Henderson Island","isPartOf":{"@id":"https:\/\/henderson.plasticodyssey.org\/#website"},"primaryImageOfPage":{"@id":"https:\/\/henderson.plasticodyssey.org\/fr\/partenaires\/#primaryimage"},"image":{"@id":"https:\/\/henderson.plasticodyssey.org\/fr\/partenaires\/#primaryimage"},"thumbnailUrl":"https:\/\/henderson.plasticodyssey.org\/wp-content\/uploads\/sites\/7\/2024\/01\/small-boat.jpg","datePublished":"2024-01-11T06:19:50+00:00","dateModified":"2024-02-20T08:26:13+00:00","description":"L'exp\u00e9dition 2024 sur l'\u00eele Henderson est rendue possible gr\u00e2ce au soutien de partenaires et de fournisseurs officiels qui partagent nos valeurs et encouragent nos efforts pour nettoyer cette \u00eele inhabit\u00e9e du Pacifique Sud et fournir des solutions de recyclage des d\u00e9chets plastiques aux Pitcairners.","breadcrumb":{"@id":"https:\/\/henderson.plasticodyssey.org\/fr\/partenaires\/#breadcrumb"},"inLanguage":"fr-FR","potentialAction":[{"@type":"ReadAction","target":["https:\/\/henderson.plasticodyssey.org\/fr\/partenaires\/"]}]},{"@type":"ImageObject","inLanguage":"fr-FR","@id":"https:\/\/henderson.plasticodyssey.org\/fr\/partenaires\/#primaryimage","url":"https:\/\/henderson.plasticodyssey.org\/wp-content\/uploads\/sites\/7\/2024\/01\/small-boat.jpg","contentUrl":"https:\/\/henderson.plasticodyssey.org\/wp-content\/uploads\/sites\/7\/2024\/01\/small-boat.jpg","width":1920,"height":1080},{"@type":"BreadcrumbList","@id":"https:\/\/henderson.plasticodyssey.org\/fr\/partenaires\/#breadcrumb","itemListElement":[{"@type":"ListItem","position":1,"name":"Accueil","item":"https:\/\/henderson.plasticodyssey.org\/fr\/accueil\/"},{"@type":"ListItem","position":2,"name":"Partenaires"}]},{"@type":"WebSite","@id":"https:\/\/henderson.plasticodyssey.org\/#website","url":"https:\/\/henderson.plasticodyssey.org\/","name":"2024 Henderson Island Expedition","description":"","publisher":{"@id":"https:\/\/henderson.plasticodyssey.org\/#organization"},"potentialAction":[{"@type":"SearchAction","target":{"@type":"EntryPoint","urlTemplate":"https:\/\/henderson.plasticodyssey.org\/?s={search_term_string}"},"query-input":{"@type":"PropertyValueSpecification","valueRequired":true,"valueName":"search_term_string"}}],"inLanguage":"fr-FR"},{"@type":"Organization","@id":"https:\/\/henderson.plasticodyssey.org\/#organization","name":"Plastic Odyssey","url":"https:\/\/henderson.plasticodyssey.org\/","logo":{"@type":"ImageObject","inLanguage":"fr-FR","@id":"https:\/\/henderson.plasticodyssey.org\/#\/schema\/logo\/image\/","url":"","contentUrl":"","caption":"Plastic Odyssey"},"image":{"@id":"https:\/\/henderson.plasticodyssey.org\/#\/schema\/logo\/image\/"},"sameAs":["https:\/\/www.facebook.com\/plasticodyssey\/","https:\/\/x.com\/plasticodyssey","https:\/\/www.instagram.com\/plasticodyssey\/","https:\/\/www.linkedin.com\/company\/plastic-odyssey\/","https:\/\/www.youtube.com\/channel\/UC4UNxaIW9ODIuLGJaTrhnow"]}]}},"_links":{"self":[{"href":"https:\/\/henderson.plasticodyssey.org\/fr\/wp-json\/wp\/v2\/pages\/971","targetHints":{"allow":["GET"]}}],"collection":[{"href":"https:\/\/henderson.plasticodyssey.org\/fr\/wp-json\/wp\/v2\/pages"}],"about":[{"href":"https:\/\/henderson.plasticodyssey.org\/fr\/wp-json\/wp\/v2\/types\/page"}],"author":[{"embeddable":true,"href":"https:\/\/henderson.plasticodyssey.org\/fr\/wp-json\/wp\/v2\/users\/2"}],"replies":[{"embeddable":true,"href":"https:\/\/henderson.plasticodyssey.org\/fr\/wp-json\/wp\/v2\/comments?post=971"}],"version-history":[{"count":96,"href":"https:\/\/henderson.plasticodyssey.org\/fr\/wp-json\/wp\/v2\/pages\/971\/revisions"}],"predecessor-version":[{"id":2831,"href":"https:\/\/henderson.plasticodyssey.org\/fr\/wp-json\/wp\/v2\/pages\/971\/revisions\/2831"}],"wp:featuredmedia":[{"embeddable":true,"href":"https:\/\/henderson.plasticodyssey.org\/fr\/wp-json\/wp\/v2\/media\/513"}],"wp:attachment":[{"href":"https:\/\/henderson.plasticodyssey.org\/fr\/wp-json\/wp\/v2\/media?parent=971"}],"curies":[{"name":"wp","href":"https:\/\/api.w.org\/{rel}","templated":true}]}}